{"id":103,"date":"2018-02-22T11:51:34","date_gmt":"2018-02-22T10:51:34","guid":{"rendered":"http:\/\/www.aainglan.com\/?page_id=103"},"modified":"2022-02-25T14:33:29","modified_gmt":"2022-02-25T13:33:29","slug":"inici","status":"publish","type":"page","link":"https:\/\/www.aainglan.com\/ca\/","title":{"rendered":"Inici"},"content":{"rendered":"<div class=\"hidden-lg hidden-md hidden-sm hidden-xs\">\n<h2>Cl\u00ednica Dental A &#038; A Ingl\u00e1n<\/h2>\n<p><img decoding=\"async\" class=\"img-responsive\" src=\"http:\/\/www.aainglan.com\/wp-content\/uploads\/2018\/02\/reverso.png\" alt=\"\" \/> Cl\u00ednica Dental A &#038; A Ingl\u00e1n | Cl\u00ednica dental Angel Ingl\u00e1n La Rosa i Ares Ingl\u00e1n Brito | Cl\u00ednica dental a Lleida | Al costat de la Pla\u00e7a Europa | Fundador i director m\u00e8dic de A &amp; A Ingl\u00e1n cl\u00ednica Dental, el Dr. A. Ingl\u00e1n va obrir la seva cl\u00ednica a l&#8217;any 1987, l&#8217;avalen 30 anys d&#8217;experi\u00e8ncia durant els quals ha anat donant resposta a les necessitats sempre canviants dels seus pacients, amb professionalitat, tracte hum\u00e0 i sense oblidar en el seu treball dia a dia la m\u00e0xima que defineix A &#038; amp; A Ingl\u00e1n: ser professionals de l&#8217;odontologia i no venedors de tractaments dentals. <a href=\"contacta\">Contacta ara<\/a> <a href=\"https:\/\/www.google.com\/maps?q=Pr%C3%ADncep+de+viana,+97+-+Altell+(25008+Lleida)&amp;um=1&amp;ie=UTF-8&amp;sa=X&amp;ved=0ahUKEwiVwufc9NTZAhVCtxQKHcYACroQ_AUICygC\">Contacta ara<\/a><\/p>\n<p>Experi\u00e8ncia i m\u00e0xima que comparteix i compagina des de 2014 amb la din\u00e0mica i actualitzaci\u00f3 constant. que exigeixen els nous temps aportada per una nova generaci\u00f3, la Dra. Ares Ingl\u00e1n Brito. Cl\u00ednica dental A &#038; amp; A Ingl\u00e1n ofereix una atenci\u00f3 integral als pacients. Els seus serveis aborden tots els aspectes de l&#8217;odontologia com el diagn\u00f2stic bucal, la higiene dental, la radiologia. l&#8217;odontologia restauradora, la implantologia, l&#8217;endod\u00f2ncia, la period\u00f2ncia, la pr\u00f2tesi, la cirurgia oral, odontopediatria i ortod\u00f2ncia.<\/p>\n<p>L&#8217;odontologia general \u00e9s l&#8217;encarregada de solucionar els problemes primaris que tenen a veure amb la boca, les dents i les altres estructures relacionades. A Cl\u00ednica dental A &#038; amp; A Ingl\u00e1n, l&#8217;equip de professors i professionals realitza l&#8217;entrevista cl\u00ednica del pacient, un examen profund i detallat i la primera aproximaci\u00f3 al tractament del pacient. A m\u00e9s, soluciona els problemes primaris com c\u00e0ries, dolors, neteja dental i urg\u00e8ncies.<\/p>\n<p>Siguin quines siguin les seves necessitats dentals, l&#8217;\u00e0mplia cartera de serveis de les cl\u00edniques estan disponibles en un horari adaptat a les necessitats dels pacients.<\/p>\n<p>Tots els nous pacients s\u00f3n atesos per l&#8217;equip cl\u00ednic de valoraci\u00f3 odontol\u00f2gica per a la realitzaci\u00f3 del diagn\u00f2stic dels problemes existents o potencials. En funci\u00f3 de les particularitats de cada pacient i de la complexitat de les patologies, ser\u00e0 un o altre l&#8217;equip d&#8217;especialistes que realitzar\u00e0 l&#8217;abordatge terap\u00e8utic i el seguiment del tractament.<\/p>\n<p>L&#8217;odontopediatria o odontologia infantil constitueix la part de l&#8217;odontologia que tracta la boca del nen i les seves malalties.<\/p>\n<p>Cl\u00ednica dental A &#038; amp; A Ingl\u00e1n nostre objectiu principal amb els nens \u00e9s la prevenci\u00f3 de la patologia bucal i l&#8217;educaci\u00f3.<\/p>\n<p>Per conservar una dentadura sana tota la vida cal comen\u00e7ar, des dels primers anys de vida, amb una s\u00e8rie d&#8217;h\u00e0bits de salut. Una dieta adequada i raspallar el dents despr\u00e9s de cada menjar \u00e9s fonamental per evitar l&#8217;aparici\u00f3 de malalties durant la inf\u00e0ncia i durant l&#8217;adolesc\u00e8ncia.<\/p>\n<p>A m\u00e9s, \u00e9s important que els joves coneguin les diferents t\u00e8cniques de raspallat dental.<\/p>\n<p>Tamb\u00e9 \u00e9s molt important, el segellat de fosses i fissures i l&#8217;aplicaci\u00f3 de fluor durant el recanvi dental.<\/p>\n<p>Odontopediatria<br \/>\nEls motius de consulta m\u00e9s freq\u00fcents en els nens s\u00f3n:<\/p>\n<p>Carles<br \/>\ntraumatismes dentaris<br \/>\nGingivitis i periodontitis<br \/>\ntrastorns eruptius<br \/>\nManteniment de l&#8217;espai<br \/>\nAlteracions en el desenvolupament dentari<\/p>\n<p>endod\u00f2ncia<br \/>\nL&#8217;endod\u00f2ncia o tractament de conductes \u00e9s un procediment mitjan\u00e7ant el qual s&#8217;elimina la polpa afectada d&#8217;una dent, danyat o mort i se segella el conducte. Es tracta, doncs, del tractament de conductes radiculars.<\/p>\n<p>La ter\u00e0pia consisteix en l&#8217;extirpaci\u00f3 parcial o l&#8217;extirpaci\u00f3 total de la polpa dental i s&#8217;aplica. principalment, en peces fracturades, amb c\u00e0ries profundes o lesionades en el seu teixit polpa.<\/p>\n<p>Cl\u00ednica Dental A &#038; amp; A Ingl\u00e1n<br \/>\nEls objectius de l&#8217;endod\u00f2ncia s\u00f3n:<\/p>\n<p>Netejar el sistema de conductes radiculars per tal de deixar el conducte el m\u00e9s as\u00e8ptic possible.<br \/>\nAconseguir el segellat del ter\u00e7 apical i de la resta del conducte.<br \/>\nAconseguir un tancament biol\u00f2gic a llarg termini.<br \/>\nLa Period\u00f2ncia \u00e9s la branca de l&#8217;odontologia que tracta les malalties de les genives i l&#8217;os que suporta la dent. Les malalties periodontals s\u00f3n patologies infeccioses causades per bacteris que afecten el periodonci, \u00e9s a dir, als teixits que sostenen a les dents.<\/p>\n<p>Aquesta malaltia, igual que la c\u00e0ries, t\u00e9 una alta prevalen\u00e7a dins de la poblaci\u00f3 i els seus dos principals manifestacions s\u00f3n la periodontitis i gingivitis.<\/p>\n<p>El tractament periodontal abasta des de la correcci\u00f3 de la t\u00e8cnica d&#8217;higiene per al control de la placa bacteriana. fins a l&#8217;eliminaci\u00f3 dels factors desencadenants de la mateixa (c\u00e0lculs dentaris, tosca i bosses periodontals) i consisteix a netejar i desinfectar b\u00e9 tots els conductes de l&#8217;interior de la dent just fins a la punta de l&#8217;arrel i segellar-amb un material biocompatible.<\/p>\n<p>ortod\u00f2ncia<br \/>\nL&#8217;ortod\u00f2ncia \u00e9s una branca de l&#8217;odontologia especialitzada en el diagn\u00f2stic. la prevenci\u00f3 i el tractament de les irregularitats dentals i facials. S&#8217;ocupa, doncs, del correcte alineament i encaix de les dents de pacients de qualsevol edat.<\/p>\n<p>Cl\u00ednica Dental A &#038; amp; A Ingl\u00e1n<br \/>\nEls tractaments ortod\u00f2ntics es poden realitzar mitjan\u00e7ant:<\/p>\n<p>Brackets met\u00e0l\u00b7lics de cer\u00e0mica est\u00e8tics personalitzats<\/p>\n<p>pr\u00f2tesis dental<br \/>\nLa prostod\u00f2ncia \u00e9s una disciplina de l&#8217;Odontologia relacionada amb la rehabilitaci\u00f3 de la funci\u00f3 oral. amb la comoditat del pacient, amb la salut i amb l&#8217;est\u00e8tica, per mitj\u00e0 de la restauraci\u00f3 de les dents naturals i el reempla\u00e7ament de les dents absents per substituts artificials, com una pr\u00f2tesi dental. cirurgia Oral<br \/>\nLa Cirurgia Oral \u00e9s la branca de l&#8217;odontologia que realitza el diagn\u00f2stic i el tractament de les malalties. traumatismes i defectes de les peces dent\u00e0ries, dels maxil\u00b7lars i dels teixits tous adjacents que requereixin intervenci\u00f3 quir\u00fargica. Implantolog\u00edaLa implantologia s&#8217;encarrega de substituir les dents perdudes per implants dentals. Aquests estan fabricats amb materials biocompatibles que no produeixen reacci\u00f3 de rebuig i permeten la seva uni\u00f3 a l&#8217;os alveolar (osteointegraci\u00f3), per retornar al pacient la funci\u00f3 i l&#8217;est\u00e8tica perduda.<\/p><\/div>\n<div class=\"hidden-lg hidden-sm hidden-md\"><img decoding=\"async\" src=\"http:\/\/www.aainglan.com\/wp-content\/uploads\/2018\/02\/reverso.png\" alt=\"\" class=\"img-responsive\" \/><\/div>\n<div class=\"slider\"><img decoding=\"async\" src=\"https:\/\/www.aainglan.com\/wp-content\/uploads\/2018\/03\/slider-nou-1-e1645795970469.jpg\" alt=\"\" class=\"img-responsive\" \/><img decoding=\"async\" src=\"http:\/\/www.aainglan.com\/wp-content\/uploads\/2018\/04\/slider2.jpg\" alt=\"\" class=\"img-responsive\" \/><img decoding=\"async\" src=\"http:\/\/www.aainglan.com\/wp-content\/uploads\/2018\/04\/slider3.jpg\" alt=\"\" class=\"img-responsive\" \/><img decoding=\"async\" src=\"http:\/\/www.aainglan.com\/wp-content\/uploads\/2018\/04\/slider4.jpg\" alt=\"\" class=\"img-responsive\" \/><img decoding=\"async\" src=\"http:\/\/www.aainglan.com\/wp-content\/uploads\/2018\/04\/slider5.jpg\" alt=\"\" class=\"img-responsive\" \/><img decoding=\"async\" src=\"http:\/\/www.aainglan.com\/wp-content\/uploads\/2018\/04\/slider6.jpg\" alt=\"\" class=\"img-responsive\" \/><img decoding=\"async\" src=\"http:\/\/www.aainglan.com\/wp-content\/uploads\/2018\/04\/slider7.jpg\" alt=\"\" class=\"img-responsive\" \/><img decoding=\"async\" src=\"http:\/\/www.aainglan.com\/wp-content\/uploads\/2018\/04\/slider8.jpg\" alt=\"\" class=\"img-responsive\" \/><img decoding=\"async\" src=\"http:\/\/www.aainglan.com\/wp-content\/uploads\/2018\/04\/slider9.jpg\" alt=\"\" class=\"img-responsive\" \/><\/div>\n","protected":false},"excerpt":{"rendered":"Cl\u00ednica Dental A &#038; A Ingl\u00e1n Cl\u00ednica Dental A &#038; A Ingl\u00e1n | Cl\u00ednica dental Angel Ingl\u00e1n La Rosa i Ares Ingl\u00e1n Brito | Cl\u00ednica dental a Lleida | Al costat de la Pla\u00e7a Europa | Fundador i director m\u00e8dic de A &amp; A Ingl\u00e1n cl\u00ednica Dental, el Dr. A. Ingl\u00e1n va obrir la seva [&hellip;]","protected":false},"author":1,"featured_media":0,"parent":0,"menu_order":0,"comment_status":"closed","ping_status":"closed","template":"page-custom4.php","meta":{"footnotes":""},"class_list":["post-103","page","type-page","status-publish","hentry"],"yoast_head":"<!-- This site is optimized with the Yoast SEO plugin v27.5 - https:\/\/yoast.com\/product\/yoast-seo-wordpress\/ -->\n<title>Cl\u00ednica Dental A&amp;A Ingl\u00e1n - \u00c1ngel Ingl\u00e1n - Truqui ara! - 973 247 362<\/title>\n<meta name=\"description\" content=\"M\u00e9s de 30 anys d&#039;experi\u00e8ncia en la salut bucal dels nostres pacients a Lleida i prov\u00edncia. Laboratori propi. Angel Ingl\u00e1n La Rosa i Ares Ingl\u00e1n Brito. Cl\u00ednica dental Angel Ingl\u00e1n La Rosa. Cl\u00ednica Dental A &amp; A Ingl\u00e1n\" \/>\n<meta name=\"robots\" content=\"index, follow, max-snippet:-1, max-image-preview:large, max-video-preview:-1\" \/>\n<link rel=\"canonical\" href=\"https:\/\/www.aainglan.com\/ca\/\" \/>\n<meta property=\"og:locale\" content=\"ca_ES\" \/>\n<meta property=\"og:type\" content=\"article\" \/>\n<meta property=\"og:title\" content=\"Cl\u00ednica Dental A&amp;A Ingl\u00e1n - \u00c1ngel Ingl\u00e1n - Truqui ara! - 973 247 362\" \/>\n<meta property=\"og:description\" content=\"M\u00e9s de 30 anys d&#039;experi\u00e8ncia en la salut bucal dels nostres pacients a Lleida i prov\u00edncia. Laboratori propi. Angel Ingl\u00e1n La Rosa i Ares Ingl\u00e1n Brito. Cl\u00ednica dental Angel Ingl\u00e1n La Rosa. Cl\u00ednica Dental A &amp; A Ingl\u00e1n\" \/>\n<meta property=\"og:url\" content=\"https:\/\/www.aainglan.com\/ca\/\" \/>\n<meta property=\"og:site_name\" content=\"A&amp;A Ingl\u00e1n\" \/>\n<meta property=\"article:modified_time\" content=\"2022-02-25T13:33:29+00:00\" \/>\n<meta property=\"og:image\" content=\"http:\/\/www.aainglan.com\/wp-content\/uploads\/2018\/02\/reverso.png\" \/>\n<meta name=\"twitter:card\" content=\"summary_large_image\" \/>\n<meta name=\"twitter:label1\" content=\"Temps estimat de lectura\" \/>\n\t<meta name=\"twitter:data1\" content=\"5 minuts\" \/>\n<script type=\"application\/ld+json\" class=\"yoast-schema-graph\">{\"@context\":\"https:\\\/\\\/schema.org\",\"@graph\":[{\"@type\":\"WebPage\",\"@id\":\"https:\\\/\\\/www.aainglan.com\\\/ca\\\/\",\"url\":\"https:\\\/\\\/www.aainglan.com\\\/ca\\\/\",\"name\":\"Cl\u00ednica Dental A&A Ingl\u00e1n - \u00c1ngel Ingl\u00e1n - Truqui ara! - 973 247 362\",\"isPartOf\":{\"@id\":\"https:\\\/\\\/www.aainglan.com\\\/ca\\\/#website\"},\"primaryImageOfPage\":{\"@id\":\"https:\\\/\\\/www.aainglan.com\\\/ca\\\/#primaryimage\"},\"image\":{\"@id\":\"https:\\\/\\\/www.aainglan.com\\\/ca\\\/#primaryimage\"},\"thumbnailUrl\":\"http:\\\/\\\/www.aainglan.com\\\/wp-content\\\/uploads\\\/2018\\\/02\\\/reverso.png\",\"datePublished\":\"2018-02-22T10:51:34+00:00\",\"dateModified\":\"2022-02-25T13:33:29+00:00\",\"description\":\"M\u00e9s de 30 anys d'experi\u00e8ncia en la salut bucal dels nostres pacients a Lleida i prov\u00edncia. Laboratori propi. Angel Ingl\u00e1n La Rosa i Ares Ingl\u00e1n Brito. Cl\u00ednica dental Angel Ingl\u00e1n La Rosa. Cl\u00ednica Dental A & A Ingl\u00e1n\",\"breadcrumb\":{\"@id\":\"https:\\\/\\\/www.aainglan.com\\\/ca\\\/#breadcrumb\"},\"inLanguage\":\"ca\",\"potentialAction\":[{\"@type\":\"ReadAction\",\"target\":[\"https:\\\/\\\/www.aainglan.com\\\/ca\\\/\"]}]},{\"@type\":\"ImageObject\",\"inLanguage\":\"ca\",\"@id\":\"https:\\\/\\\/www.aainglan.com\\\/ca\\\/#primaryimage\",\"url\":\"http:\\\/\\\/www.aainglan.com\\\/wp-content\\\/uploads\\\/2018\\\/02\\\/reverso.png\",\"contentUrl\":\"http:\\\/\\\/www.aainglan.com\\\/wp-content\\\/uploads\\\/2018\\\/02\\\/reverso.png\"},{\"@type\":\"BreadcrumbList\",\"@id\":\"https:\\\/\\\/www.aainglan.com\\\/ca\\\/#breadcrumb\",\"itemListElement\":[{\"@type\":\"ListItem\",\"position\":1,\"name\":\"Portada\",\"item\":\"https:\\\/\\\/www.aainglan.com\\\/ca\\\/\"},{\"@type\":\"ListItem\",\"position\":2,\"name\":\"Inici\"}]},{\"@type\":\"WebSite\",\"@id\":\"https:\\\/\\\/www.aainglan.com\\\/ca\\\/#website\",\"url\":\"https:\\\/\\\/www.aainglan.com\\\/ca\\\/\",\"name\":\"A&amp;A Ingl\u00e1n\",\"description\":\"Cl\u00ednica Dental a Lleida\",\"potentialAction\":[{\"@type\":\"SearchAction\",\"target\":{\"@type\":\"EntryPoint\",\"urlTemplate\":\"https:\\\/\\\/www.aainglan.com\\\/ca\\\/?s={search_term_string}\"},\"query-input\":{\"@type\":\"PropertyValueSpecification\",\"valueRequired\":true,\"valueName\":\"search_term_string\"}}],\"inLanguage\":\"ca\"}]}<\/script>\n<!-- \/ Yoast SEO plugin. -->","yoast_head_json":{"title":"Cl\u00ednica Dental A&A Ingl\u00e1n - \u00c1ngel Ingl\u00e1n - Truqui ara! - 973 247 362","description":"M\u00e9s de 30 anys d'experi\u00e8ncia en la salut bucal dels nostres pacients a Lleida i prov\u00edncia. Laboratori propi. Angel Ingl\u00e1n La Rosa i Ares Ingl\u00e1n Brito. Cl\u00ednica dental Angel Ingl\u00e1n La Rosa. Cl\u00ednica Dental A & A Ingl\u00e1n","robots":{"index":"index","follow":"follow","max-snippet":"max-snippet:-1","max-image-preview":"max-image-preview:large","max-video-preview":"max-video-preview:-1"},"canonical":"https:\/\/www.aainglan.com\/ca\/","og_locale":"ca_ES","og_type":"article","og_title":"Cl\u00ednica Dental A&A Ingl\u00e1n - \u00c1ngel Ingl\u00e1n - Truqui ara! - 973 247 362","og_description":"M\u00e9s de 30 anys d'experi\u00e8ncia en la salut bucal dels nostres pacients a Lleida i prov\u00edncia. Laboratori propi. Angel Ingl\u00e1n La Rosa i Ares Ingl\u00e1n Brito. Cl\u00ednica dental Angel Ingl\u00e1n La Rosa. Cl\u00ednica Dental A & A Ingl\u00e1n","og_url":"https:\/\/www.aainglan.com\/ca\/","og_site_name":"A&amp;A Ingl\u00e1n","article_modified_time":"2022-02-25T13:33:29+00:00","og_image":[{"url":"http:\/\/www.aainglan.com\/wp-content\/uploads\/2018\/02\/reverso.png","type":"","width":"","height":""}],"twitter_card":"summary_large_image","twitter_misc":{"Temps estimat de lectura":"5 minuts"},"schema":{"@context":"https:\/\/schema.org","@graph":[{"@type":"WebPage","@id":"https:\/\/www.aainglan.com\/ca\/","url":"https:\/\/www.aainglan.com\/ca\/","name":"Cl\u00ednica Dental A&A Ingl\u00e1n - \u00c1ngel Ingl\u00e1n - Truqui ara! - 973 247 362","isPartOf":{"@id":"https:\/\/www.aainglan.com\/ca\/#website"},"primaryImageOfPage":{"@id":"https:\/\/www.aainglan.com\/ca\/#primaryimage"},"image":{"@id":"https:\/\/www.aainglan.com\/ca\/#primaryimage"},"thumbnailUrl":"http:\/\/www.aainglan.com\/wp-content\/uploads\/2018\/02\/reverso.png","datePublished":"2018-02-22T10:51:34+00:00","dateModified":"2022-02-25T13:33:29+00:00","description":"M\u00e9s de 30 anys d'experi\u00e8ncia en la salut bucal dels nostres pacients a Lleida i prov\u00edncia. Laboratori propi. Angel Ingl\u00e1n La Rosa i Ares Ingl\u00e1n Brito. Cl\u00ednica dental Angel Ingl\u00e1n La Rosa. Cl\u00ednica Dental A & A Ingl\u00e1n","breadcrumb":{"@id":"https:\/\/www.aainglan.com\/ca\/#breadcrumb"},"inLanguage":"ca","potentialAction":[{"@type":"ReadAction","target":["https:\/\/www.aainglan.com\/ca\/"]}]},{"@type":"ImageObject","inLanguage":"ca","@id":"https:\/\/www.aainglan.com\/ca\/#primaryimage","url":"http:\/\/www.aainglan.com\/wp-content\/uploads\/2018\/02\/reverso.png","contentUrl":"http:\/\/www.aainglan.com\/wp-content\/uploads\/2018\/02\/reverso.png"},{"@type":"BreadcrumbList","@id":"https:\/\/www.aainglan.com\/ca\/#breadcrumb","itemListElement":[{"@type":"ListItem","position":1,"name":"Portada","item":"https:\/\/www.aainglan.com\/ca\/"},{"@type":"ListItem","position":2,"name":"Inici"}]},{"@type":"WebSite","@id":"https:\/\/www.aainglan.com\/ca\/#website","url":"https:\/\/www.aainglan.com\/ca\/","name":"A&amp;A Ingl\u00e1n","description":"Cl\u00ednica Dental a Lleida","potentialAction":[{"@type":"SearchAction","target":{"@type":"EntryPoint","urlTemplate":"https:\/\/www.aainglan.com\/ca\/?s={search_term_string}"},"query-input":{"@type":"PropertyValueSpecification","valueRequired":true,"valueName":"search_term_string"}}],"inLanguage":"ca"}]}},"_links":{"self":[{"href":"https:\/\/www.aainglan.com\/ca\/wp-json\/wp\/v2\/pages\/103","targetHints":{"allow":["GET"]}}],"collection":[{"href":"https:\/\/www.aainglan.com\/ca\/wp-json\/wp\/v2\/pages"}],"about":[{"href":"https:\/\/www.aainglan.com\/ca\/wp-json\/wp\/v2\/types\/page"}],"author":[{"embeddable":true,"href":"https:\/\/www.aainglan.com\/ca\/wp-json\/wp\/v2\/users\/1"}],"replies":[{"embeddable":true,"href":"https:\/\/www.aainglan.com\/ca\/wp-json\/wp\/v2\/comments?post=103"}],"version-history":[{"count":12,"href":"https:\/\/www.aainglan.com\/ca\/wp-json\/wp\/v2\/pages\/103\/revisions"}],"predecessor-version":[{"id":349,"href":"https:\/\/www.aainglan.com\/ca\/wp-json\/wp\/v2\/pages\/103\/revisions\/349"}],"wp:attachment":[{"href":"https:\/\/www.aainglan.com\/ca\/wp-json\/wp\/v2\/media?parent=103"}],"curies":[{"name":"wp","href":"https:\/\/api.w.org\/{rel}","templated":true}]}}